{"id":2601,"date":"2025-10-12T11:41:41","date_gmt":"2025-10-12T09:41:41","guid":{"rendered":"https:\/\/www.kirchleitn.com\/condizioni-di-prenotazione\/"},"modified":"2026-04-27T14:03:47","modified_gmt":"2026-04-27T12:03:47","slug":"condizioni-di-prenotazione","status":"publish","type":"page","link":"https:\/\/www.kirchleitn.com\/it\/condizioni-di-prenotazione\/","title":{"rendered":"Condizioni di prenotazione"},"content":{"rendered":"<p><div class=\"fusion-fullwidth fullwidth-box fusion-builder-row-1 fusion-flex-container has-pattern-background has-mask-background hundred-percent-fullwidth non-hundred-percent-height-scrolling fusion-no-small-visibility\" style=\"--awb-border-radius-top-left:0px;--awb-border-radius-top-right:0px;--awb-border-radius-bottom-right:0px;--awb-border-radius-bottom-left:0px;--awb-padding-top:10em;--awb-padding-right:8em;--awb-padding-bottom:2em;--awb-padding-left:8em;--awb-min-height:700px;--awb-background-color:rgba(79,74,74,0.56);--awb-background-image:linear-gradient(180deg, rgba(79,74,74,0.38) 0%,rgba(79,74,74,0.22) 100%);--awb-flex-wrap:wrap;--awb-filter:brightness(99%) contrast(111%);--awb-filter-transition:filter 0.3s ease;--awb-filter-hover:brightness(100%) contrast(118%);\" ><div class=\"awb-background-slider\" data-type=\"container\" data-loop=\"yes\" data-animation=\"fade\" data-slideshow-speed=\"5900\" data-animation-speed=\"800\" data-direction=\"down\" style=\"--awb-image-position:50% 57%;mix-blend-mode:overlay;\"><div class=\"swiper-wrapper\"><div class=\"swiper-slide\"><img decoding=\"async\" width=\"1920\" height=\"1280\" src=\"https:\/\/www.kirchleitn.com\/wp-content\/uploads\/2025\/10\/329-0013-2880_kirchleitn_by_gert_perauer-Kopie.webp\" class=\"awb-background-slider__image\" alt=\"Drohnenaufnahme \u00fcber das Slow Travel Resort Kirchleitn mit Aussicht bis zur nahegelegenen Brunnach-Piste \u2013 idealer Ausgangspunkt f\u00fcr den Skiurlaub in K\u00e4rnten.\" srcset=\"https:\/\/www.kirchleitn.com\/wp-content\/uploads\/2025\/10\/329-0013-2880_kirchleitn_by_gert_perauer-Kopie-200x133.webp 200w, https:\/\/www.kirchleitn.com\/wp-content\/uploads\/2025\/10\/329-0013-2880_kirchleitn_by_gert_perauer-Kopie-300x200.webp 300w, https:\/\/www.kirchleitn.com\/wp-content\/uploads\/2025\/10\/329-0013-2880_kirchleitn_by_gert_perauer-Kopie-400x267.webp 400w, https:\/\/www.kirchleitn.com\/wp-content\/uploads\/2025\/10\/329-0013-2880_kirchleitn_by_gert_perauer-Kopie-600x400.webp 600w, https:\/\/www.kirchleitn.com\/wp-content\/uploads\/2025\/10\/329-0013-2880_kirchleitn_by_gert_perauer-Kopie-768x512.webp 768w, https:\/\/www.kirchleitn.com\/wp-content\/uploads\/2025\/10\/329-0013-2880_kirchleitn_by_gert_perauer-Kopie-800x533.webp 800w, https:\/\/www.kirchleitn.com\/wp-content\/uploads\/2025\/10\/329-0013-2880_kirchleitn_by_gert_perauer-Kopie-1024x683.webp 1024w, https:\/\/www.kirchleitn.com\/wp-content\/uploads\/2025\/10\/329-0013-2880_kirchleitn_by_gert_perauer-Kopie-1200x800.webp 1200w, https:\/\/www.kirchleitn.com\/wp-content\/uploads\/2025\/10\/329-0013-2880_kirchleitn_by_gert_perauer-Kopie-1536x1024.webp 1536w, https:\/\/www.kirchleitn.com\/wp-content\/uploads\/2025\/10\/329-0013-2880_kirchleitn_by_gert_perauer-Kopie.webp 1920w\" sizes=\"(max-width: 1920px) 100vw, 1920px\" \/><\/div><\/div><\/div><div class=\"fusion-builder-row fusion-row fusion-flex-align-items-flex-start fusion-flex-content-wrap\" style=\"width:104% !important;max-width:104% !important;margin-left: calc(-4% \/ 2 );margin-right: calc(-4% \/ 2 );\"><div class=\"fusion-layout-column fusion_builder_column fusion-builder-column-0 fusion_builder_column_1_1 1_1 fusion-flex-column fusion-flex-align-self-stretch\" style=\"--awb-bg-size:cover;--awb-width-large:100%;--awb-margin-top-large:0px;--awb-spacing-right-large:1.92%;--awb-margin-bottom-large:20px;--awb-spacing-left-large:1.92%;--awb-width-medium:100%;--awb-order-medium:0;--awb-spacing-right-medium:1.92%;--awb-spacing-left-medium:1.92%;--awb-width-small:100%;--awb-order-small:0;--awb-spacing-right-small:1.92%;--awb-spacing-left-small:1.92%;\"><div class=\"fusion-column-wrapper fusion-column-has-shadow fusion-flex-justify-content-center fusion-content-layout-column\"><div class=\"fusion-title title fusion-title-1 fusion-sep-none fusion-title-center fusion-title-highlight fusion-animate-once fusion-highlight-underline fusion-title-size-one\" style=\"--awb-text-color:var(--awb-color2);--awb-highlight-color:var(--awb-color5);--awb-margin-top-small:10px;--awb-margin-right-small:0px;--awb-margin-bottom-small:10px;--awb-margin-left-small:0px;--awb-font-size:60px;\" data-highlight=\"underline\"><h1 class=\"fusion-title-heading title-heading-center\" style=\"font-family:&quot;HarlowSerifplane&quot;;font-style:normal;font-weight:400;margin:0;font-size:1em;text-shadow:4px 4px 5px var(--awb-color8);\"><span class=\"fusion-highlighted-text-prefix\"><\/span> <span class=\"fusion-highlighted-text-wrapper\"><span class=\"fusion-highlighted-text\">Condizioni di prenotazione<\/span><svg xmlns=\"http:\/\/www.w3.org\/2000\/svg\" viewBox=\"0 0 500 150\" preserveAspectRatio=\"none\"><path d=\"M8.1,146.2c0,0,240.6-55.6,479-13.8\"><\/path><\/svg><\/span> <span class=\"fusion-highlighted-text-postfix\">Slow Travel Resort Kirchleitn<\/span><\/h1><\/div><\/div><\/div><\/div><\/div><div class=\"fusion-fullwidth fullwidth-box fusion-builder-row-2 fusion-flex-container has-pattern-background has-mask-background hundred-percent-fullwidth non-hundred-percent-height-scrolling fusion-no-medium-visibility fusion-no-large-visibility\" style=\"--awb-border-radius-top-left:0px;--awb-border-radius-top-right:0px;--awb-border-radius-bottom-right:0px;--awb-border-radius-bottom-left:0px;--awb-padding-top:10em;--awb-padding-right:8em;--awb-padding-bottom:2em;--awb-padding-left:8em;--awb-padding-top-small:2em;--awb-padding-right-small:2em;--awb-padding-bottom-small:2em;--awb-padding-left-small:2em;--awb-min-height:700px;--awb-min-height-small:400px;--awb-background-color:rgba(79,74,74,0.66);--awb-background-image:linear-gradient(180deg, rgba(79,74,74,0.47) 0%,rgba(79,74,74,0.42) 100%);--awb-flex-wrap:wrap;--awb-filter:brightness(99%) contrast(111%);--awb-filter-transition:filter 0.3s ease;--awb-filter-hover:brightness(100%) contrast(118%);\" ><div class=\"awb-background-slider\" data-type=\"container\" data-loop=\"yes\" data-animation=\"fade\" data-slideshow-speed=\"5900\" data-animation-speed=\"800\" data-direction=\"down\" style=\"--awb-image-position:50% 57%;mix-blend-mode:overlay;\"><div class=\"swiper-wrapper\"><div class=\"swiper-slide\"><img decoding=\"async\" width=\"1920\" height=\"1280\" src=\"https:\/\/www.kirchleitn.com\/wp-content\/uploads\/2025\/09\/Kinder\u00a9Slow-Travel-Resort_Appartments.webp\" class=\"awb-background-slider__image\" alt=\"Appartements f\u00fcr den Familienurlaub in Bad Kleinkirchheim, K\u00e4rnten - Mutter mit Kindern beim gemeinsamen Fr\u00fchst\u00fcck\" srcset=\"https:\/\/www.kirchleitn.com\/wp-content\/uploads\/2025\/09\/Kinder\u00a9Slow-Travel-Resort_Appartments-200x133.webp 200w, https:\/\/www.kirchleitn.com\/wp-content\/uploads\/2025\/09\/Kinder\u00a9Slow-Travel-Resort_Appartments-300x200.webp 300w, https:\/\/www.kirchleitn.com\/wp-content\/uploads\/2025\/09\/Kinder\u00a9Slow-Travel-Resort_Appartments-400x267.webp 400w, https:\/\/www.kirchleitn.com\/wp-content\/uploads\/2025\/09\/Kinder\u00a9Slow-Travel-Resort_Appartments-600x400.webp 600w, https:\/\/www.kirchleitn.com\/wp-content\/uploads\/2025\/09\/Kinder\u00a9Slow-Travel-Resort_Appartments-768x512.webp 768w, https:\/\/www.kirchleitn.com\/wp-content\/uploads\/2025\/09\/Kinder\u00a9Slow-Travel-Resort_Appartments-800x533.webp 800w, https:\/\/www.kirchleitn.com\/wp-content\/uploads\/2025\/09\/Kinder\u00a9Slow-Travel-Resort_Appartments-1024x683.webp 1024w, https:\/\/www.kirchleitn.com\/wp-content\/uploads\/2025\/09\/Kinder\u00a9Slow-Travel-Resort_Appartments-1200x800.webp 1200w, https:\/\/www.kirchleitn.com\/wp-content\/uploads\/2025\/09\/Kinder\u00a9Slow-Travel-Resort_Appartments-1536x1024.webp 1536w, https:\/\/www.kirchleitn.com\/wp-content\/uploads\/2025\/09\/Kinder\u00a9Slow-Travel-Resort_Appartments.webp 1920w\" sizes=\"(max-width: 1920px) 100vw, 1920px\" \/><\/div><div class=\"swiper-slide\"><img decoding=\"async\" width=\"1920\" height=\"1280\" src=\"https:\/\/www.kirchleitn.com\/wp-content\/uploads\/2025\/09\/Winter_Kinder\u00a9Slow-Travel-Resort_12-Kopie.webp\" class=\"awb-background-slider__image\" alt=\"Winterfreude pur \u2013 lachend durch den frischen Pulverschnee im autofreien Feriendorf Kirchleitn in Bad Kleinkirchheim, K\u00e4rnten\" srcset=\"https:\/\/www.kirchleitn.com\/wp-content\/uploads\/2025\/09\/Winter_Kinder\u00a9Slow-Travel-Resort_12-Kopie-200x133.webp 200w, https:\/\/www.kirchleitn.com\/wp-content\/uploads\/2025\/09\/Winter_Kinder\u00a9Slow-Travel-Resort_12-Kopie-300x200.webp 300w, https:\/\/www.kirchleitn.com\/wp-content\/uploads\/2025\/09\/Winter_Kinder\u00a9Slow-Travel-Resort_12-Kopie-400x267.webp 400w, https:\/\/www.kirchleitn.com\/wp-content\/uploads\/2025\/09\/Winter_Kinder\u00a9Slow-Travel-Resort_12-Kopie-600x400.webp 600w, https:\/\/www.kirchleitn.com\/wp-content\/uploads\/2025\/09\/Winter_Kinder\u00a9Slow-Travel-Resort_12-Kopie-768x512.webp 768w, https:\/\/www.kirchleitn.com\/wp-content\/uploads\/2025\/09\/Winter_Kinder\u00a9Slow-Travel-Resort_12-Kopie-800x533.webp 800w, https:\/\/www.kirchleitn.com\/wp-content\/uploads\/2025\/09\/Winter_Kinder\u00a9Slow-Travel-Resort_12-Kopie-1024x683.webp 1024w, https:\/\/www.kirchleitn.com\/wp-content\/uploads\/2025\/09\/Winter_Kinder\u00a9Slow-Travel-Resort_12-Kopie-1200x800.webp 1200w, https:\/\/www.kirchleitn.com\/wp-content\/uploads\/2025\/09\/Winter_Kinder\u00a9Slow-Travel-Resort_12-Kopie-1536x1024.webp 1536w, https:\/\/www.kirchleitn.com\/wp-content\/uploads\/2025\/09\/Winter_Kinder\u00a9Slow-Travel-Resort_12-Kopie.webp 1920w\" sizes=\"(max-width: 1920px) 100vw, 1920px\" \/><\/div><\/div><\/div><div class=\"fusion-builder-row fusion-row fusion-flex-align-items-flex-start fusion-flex-content-wrap\" style=\"width:104% !important;max-width:104% !important;margin-left: calc(-4% \/ 2 );margin-right: calc(-4% \/ 2 );\"><div class=\"fusion-layout-column fusion_builder_column fusion-builder-column-1 fusion_builder_column_1_1 1_1 fusion-flex-column fusion-flex-align-self-stretch\" style=\"--awb-bg-size:cover;--awb-width-large:100%;--awb-margin-top-large:0px;--awb-spacing-right-large:1.92%;--awb-margin-bottom-large:20px;--awb-spacing-left-large:1.92%;--awb-width-medium:100%;--awb-order-medium:0;--awb-spacing-right-medium:1.92%;--awb-spacing-left-medium:1.92%;--awb-width-small:100%;--awb-order-small:0;--awb-spacing-right-small:1.92%;--awb-spacing-left-small:1.92%;\"><div class=\"fusion-column-wrapper fusion-column-has-shadow fusion-flex-justify-content-center fusion-content-layout-column\"><div class=\"fusion-title title fusion-title-2 fusion-sep-none fusion-title-center fusion-title-highlight fusion-animate-once fusion-highlight-underline fusion-title-size-paragraph\" style=\"--awb-text-color:var(--awb-color2);--awb-highlight-color:var(--awb-color5);--awb-margin-top-small:10px;--awb-margin-right-small:0px;--awb-margin-bottom-small:10px;--awb-margin-left-small:0px;--awb-font-size:30px;\" data-highlight=\"underline\"><p class=\"fusion-title-heading title-heading-center title-heading-tag\" style=\"font-family:&quot;HarlowSerifplane&quot;;font-style:normal;font-weight:400;margin:0;font-size:1em;text-shadow:4px 4px 5px var(--awb-color8);\"><span class=\"fusion-highlighted-text-prefix\"><\/span> <span class=\"fusion-highlighted-text-wrapper\"><span class=\"fusion-highlighted-text\">Condizioni di prenotazione<\/span><svg xmlns=\"http:\/\/www.w3.org\/2000\/svg\" viewBox=\"0 0 500 150\" preserveAspectRatio=\"none\"><path d=\"M8.1,146.2c0,0,240.6-55.6,479-13.8\"><\/path><\/svg><\/span> <span class=\"fusion-highlighted-text-postfix\">Slow Travel Resort Kirchleitn<\/span><\/p><\/div><\/div><\/div><\/div><\/div><div class=\"fusion-fullwidth fullwidth-box fusion-builder-row-3 fusion-flex-container has-pattern-background has-mask-background hundred-percent-fullwidth non-hundred-percent-height-scrolling\" style=\"--awb-border-radius-top-left:0px;--awb-border-radius-top-right:0px;--awb-border-radius-bottom-right:0px;--awb-border-radius-bottom-left:0px;--awb-padding-right:0px;--awb-padding-left:0px;--awb-padding-right-small:0px;--awb-flex-wrap:wrap;\" ><div class=\"fusion-builder-row fusion-row fusion-flex-align-items-stretch fusion-flex-justify-content-space-between fusion-flex-content-wrap\" style=\"width:104% !important;max-width:104% !important;margin-left: calc(-4% \/ 2 );margin-right: calc(-4% \/ 2 );\"><div class=\"fusion-layout-column fusion_builder_column fusion-builder-column-2 fusion_builder_column_1_1 1_1 fusion-flex-column fusion-flex-align-self-stretch\" style=\"--awb-padding-top:2em;--awb-padding-right:6em;--awb-padding-bottom:2em;--awb-padding-left:6em;--awb-padding-top-small:2em;--awb-padding-right-small:2em;--awb-padding-bottom-small:0px;--awb-padding-left-small:2em;--awb-bg-color:var(--awb-color2);--awb-bg-color-hover:var(--awb-color2);--awb-bg-size:cover;--awb-width-large:100%;--awb-margin-top-large:0px;--awb-spacing-right-large:0%;--awb-margin-bottom-large:0px;--awb-spacing-left-large:0%;--awb-width-medium:100%;--awb-order-medium:0;--awb-spacing-right-medium:0%;--awb-spacing-left-medium:0%;--awb-width-small:100%;--awb-order-small:0;--awb-spacing-right-small:1.92%;--awb-spacing-left-small:1.92%;\"><div class=\"fusion-column-wrapper fusion-column-has-shadow fusion-flex-justify-content-flex-start fusion-content-layout-column\"><div class=\"fusion-title title fusion-title-3 fusion-sep-none fusion-title-text fusion-title-size-two\" style=\"--awb-text-color:var(--awb-custom_color_2);--awb-margin-top-small:10px;--awb-margin-right-small:0px;--awb-margin-bottom-small:10px;--awb-margin-left-small:0px;--awb-font-size:30px;\"><h2 class=\"fusion-title-heading title-heading-left\" style=\"font-family:&quot;HarlowSerifRegluar&quot;;font-style:normal;font-weight:400;margin:0;font-size:1em;\">Condizioni di cancellazione e pagamento<\/h2><\/div><div class=\"fusion-text fusion-text-1\" style=\"--awb-text-font-family:&quot;Outfit&quot;;--awb-text-font-style:normal;--awb-text-font-weight:400;\"><p>Se non diversamente indicato nella descrizione della rispettiva tariffa, si applicano le seguenti condizioni:<\/p>\n<\/div><div class=\"fusion-text fusion-text-2\" style=\"--awb-text-color:var(--awb-color6);--awb-text-font-family:&quot;Outfit&quot;;--awb-text-font-style:normal;--awb-text-font-weight:700;\"><p>PREZZO STANDARD<\/p>\n<\/div><div class=\"fusion-text fusion-text-3\" style=\"--awb-text-font-family:&quot;Outfit&quot;;--awb-text-font-style:normal;--awb-text-font-weight:400;\"><p>La cancellazione gratuita del soggiorno \u00e8 possibile fino a 14 giorni prima dell&#8217;arrivo inclusi (esclusi Natale e Capodanno).<\/p>\n<p><b style=\"letter-spacing: 0.3px;\"><br \/><\/b><b>Le nostre condizioni di cancellazione si riferiscono esclusivamente al prezzo di locazione o pernottamento:<\/b><b style=\"letter-spacing: 0.3px;\"><\/b><\/p>\n<ul style=\"list-style-type: disc; padding-left: 20px;\">\n<li><b>A partire da 13 giorni prima dell&#8217;arrivo<\/b> verr\u00e0 addebitato il 100% dell&#8217;importo totale.\n<\/li>\n<li>\n  Per i soggiorni durante <b>Natale e Capodanno<\/b> si applicano condizioni diverse:<\/p>\n<ul style=\"list-style-type: circle; padding-left: 20px; margin-top: 5px;\">\n<li>Cancellazione gratuita fino a 30 giorni prima dell&#8217;arrivo inclusi<\/li>\n<li>Successivamente verr\u00e0 addebitato il 100% dell&#8217;importo totale\n<\/li>\n<\/ul>\n<\/li>\n<li>In caso di <b>no-show<\/b>, pernottamenti non usufruiti o partenza anticipata, verr\u00e0 addebitato il 100% dell&#8217;importo totale.<\/li>\n<\/ul>\n<\/div><\/div><\/div><\/div><\/div><div class=\"fusion-fullwidth fullwidth-box fusion-builder-row-4 fusion-flex-container has-pattern-background has-mask-background hundred-percent-fullwidth non-hundred-percent-height-scrolling\" style=\"--awb-border-radius-top-left:0px;--awb-border-radius-top-right:0px;--awb-border-radius-bottom-right:0px;--awb-border-radius-bottom-left:0px;--awb-padding-right:0px;--awb-padding-left:0px;--awb-padding-right-small:0px;--awb-flex-wrap:wrap;\" ><div class=\"fusion-builder-row fusion-row fusion-flex-align-items-stretch fusion-flex-justify-content-space-between fusion-flex-content-wrap\" style=\"width:104% !important;max-width:104% !important;margin-left: calc(-4% \/ 2 );margin-right: calc(-4% \/ 2 );\"><div class=\"fusion-layout-column fusion_builder_column fusion-builder-column-3 fusion_builder_column_1_1 1_1 fusion-flex-column fusion-flex-align-self-stretch\" style=\"--awb-padding-right:6em;--awb-padding-bottom:2em;--awb-padding-left:6em;--awb-padding-top-small:2em;--awb-padding-right-small:2em;--awb-padding-bottom-small:0px;--awb-padding-left-small:2em;--awb-bg-color:var(--awb-color2);--awb-bg-color-hover:var(--awb-color2);--awb-bg-size:cover;--awb-width-large:100%;--awb-margin-top-large:0px;--awb-spacing-right-large:0%;--awb-margin-bottom-large:0px;--awb-spacing-left-large:0%;--awb-width-medium:100%;--awb-order-medium:0;--awb-spacing-right-medium:0%;--awb-spacing-left-medium:0%;--awb-width-small:100%;--awb-order-small:0;--awb-spacing-right-small:1.92%;--awb-spacing-left-small:1.92%;\"><div class=\"fusion-column-wrapper fusion-column-has-shadow fusion-flex-justify-content-flex-start fusion-content-layout-column\"><div class=\"fusion-title title fusion-title-4 fusion-sep-none fusion-title-text fusion-title-size-two\" style=\"--awb-text-color:var(--awb-custom_color_2);--awb-margin-top-small:10px;--awb-margin-right-small:0px;--awb-margin-bottom-small:10px;--awb-margin-left-small:0px;--awb-font-size:30px;\"><h2 class=\"fusion-title-heading title-heading-left\" style=\"font-family:&quot;HarlowSerifRegluar&quot;;font-style:normal;font-weight:400;margin:0;font-size:1em;\">Condizioni di pagamento:<\/h2><\/div><div class=\"fusion-text fusion-text-4\" style=\"--awb-text-font-family:&quot;Outfit&quot;;--awb-text-font-style:normal;--awb-text-font-weight:400;\"><p>Al momento della conclusione della prenotazione \u00e8 richiesto un acconto del 25% per confermare la prenotazione stessa. L&#8217;acconto pu\u00f2 essere versato tramite carta di credito. <\/p>\n<p>Il saldo restante deve essere corrisposto entro e non oltre 13 giorni prima dell\u2019arrivo.<\/p>\n<p>L&#8217;acconto funge da garanzia per la vostra prenotazione.<\/p>\n<\/div><\/div><\/div><\/div><\/div><div class=\"fusion-fullwidth fullwidth-box fusion-builder-row-5 fusion-flex-container has-pattern-background has-mask-background hundred-percent-fullwidth non-hundred-percent-height-scrolling\" style=\"--awb-border-radius-top-left:0px;--awb-border-radius-top-right:0px;--awb-border-radius-bottom-right:0px;--awb-border-radius-bottom-left:0px;--awb-padding-right:0px;--awb-padding-left:0px;--awb-padding-right-small:0px;--awb-flex-wrap:wrap;\" ><div class=\"fusion-builder-row fusion-row fusion-flex-align-items-stretch fusion-flex-justify-content-space-between fusion-flex-content-wrap\" style=\"width:104% !important;max-width:104% !important;margin-left: calc(-4% \/ 2 );margin-right: calc(-4% \/ 2 );\"><div class=\"fusion-layout-column fusion_builder_column fusion-builder-column-4 fusion_builder_column_1_1 1_1 fusion-flex-column fusion-flex-align-self-stretch\" style=\"--awb-padding-right:6em;--awb-padding-bottom:2em;--awb-padding-left:6em;--awb-padding-top-small:0px;--awb-padding-right-small:2em;--awb-padding-bottom-small:0px;--awb-padding-left-small:2em;--awb-bg-color:var(--awb-color2);--awb-bg-color-hover:var(--awb-color2);--awb-bg-size:cover;--awb-width-large:100%;--awb-margin-top-large:0px;--awb-spacing-right-large:0%;--awb-margin-bottom-large:0px;--awb-spacing-left-large:0%;--awb-width-medium:100%;--awb-order-medium:0;--awb-spacing-right-medium:0%;--awb-spacing-left-medium:0%;--awb-width-small:100%;--awb-order-small:0;--awb-spacing-right-small:1.92%;--awb-spacing-left-small:1.92%;\"><div class=\"fusion-column-wrapper fusion-column-has-shadow fusion-flex-justify-content-flex-start fusion-content-layout-column\"><div class=\"fusion-text fusion-text-5 fusion-text-no-margin fusion-text-no-margin-sm\" style=\"--awb-text-transform:uppercase;--awb-text-color:var(--awb-color6);--awb-margin-top:1em;--awb-margin-bottom:0px;--awb-margin-bottom-small:1em;--awb-text-font-family:&quot;Outfit&quot;;--awb-text-font-style:normal;--awb-text-font-weight:700;\"><p>Note importanti:<\/p>\n<\/div><div class=\"fusion-text fusion-text-6\" style=\"--awb-text-font-family:&quot;Outfit&quot;;--awb-text-font-style:normal;--awb-text-font-weight:400;\"><p>Per evitare costi inutili in caso di cancellazione o intervento di soccorso in montagna (incluso elisoccorso), si consiglia di proteggersi con un\u2019assicurazione annullamento viaggio<span style=\"color: var(--awb-color7);\"> \u201eHotelstorno Plus\u201c oder \u201e<\/span><a href=\"https:\/\/www.europaeische.at\/pip\/hospr\" style=\"color: var(--awb-color7);\" target=\"_blank\" rel=\"noopener\">Hotelstorno Premium<\/a><span style=\"color: var(--awb-color7);\">\u201c<\/span> della Europ\u00e4ische Reiseversicherung.<\/p>\n<p><a href=\"https:\/\/start.europaeische.at\/index.php?key=hos&amp;AGN=503124\" target=\"_blank\" rel=\"noopener\"><strong>Stipula ora un&#8217;assicurazione di protezione del viaggio<\/strong><\/a><\/p>\n<\/div><div class=\"fusion-text fusion-text-7 fusion-text-no-margin\" style=\"--awb-font-size:15px;--awb-margin-top:0px;--awb-margin-right:0px;--awb-margin-bottom:0px;--awb-margin-left:0px;--awb-text-font-family:&quot;Outfit&quot;;--awb-text-font-style:normal;--awb-text-font-weight:400;\"><p>Nel contratto di alloggio non sussiste alcun diritto di recesso legale ai sensi dell&#8217;art. 18 comma 1 n. 10 FAGG.<\/p>\n<p><span style=\"letter-spacing: 0.3px;\"><b>Nota sulla legge sui pacchetti turistici: <\/b>qualora la vostra prenotazione riguardi un pacchetto turistico, si applicano le direttive della<\/span><a href=\"https:\/\/www.ris.bka.gv.at\/GeltendeFassung.wxe?Abfrage=Bundesnormen&amp;Gesetzesnummer=20009859&amp;FassungVom=2018-07-01\" target=\"_blank\" rel=\"noopener\"> legge sui pacchetti turistici<\/a>.<\/p>\n<\/div><div class=\"fusion-text fusion-text-8\" style=\"--awb-margin-top:1em;--awb-text-font-family:&quot;Outfit&quot;;--awb-text-font-style:normal;--awb-text-font-weight:400;\"><p>Aggiornato ad aprile 2026<\/p>\n<\/div><\/div><\/div><\/div><\/div><\/p>\n","protected":false},"excerpt":{"rendered":"","protected":false},"author":1,"featured_media":2602,"parent":0,"menu_order":0,"comment_status":"closed","ping_status":"closed","template":"100-width.php","meta":{"footnotes":""},"class_list":["post-2601","page","type-page","status-publish","has-post-thumbnail","hentry"],"_links":{"self":[{"href":"https:\/\/www.kirchleitn.com\/it\/wp-json\/wp\/v2\/pages\/2601","targetHints":{"allow":["GET"]}}],"collection":[{"href":"https:\/\/www.kirchleitn.com\/it\/wp-json\/wp\/v2\/pages"}],"about":[{"href":"https:\/\/www.kirchleitn.com\/it\/wp-json\/wp\/v2\/types\/page"}],"author":[{"embeddable":true,"href":"https:\/\/www.kirchleitn.com\/it\/wp-json\/wp\/v2\/users\/1"}],"replies":[{"embeddable":true,"href":"https:\/\/www.kirchleitn.com\/it\/wp-json\/wp\/v2\/comments?post=2601"}],"version-history":[{"count":5,"href":"https:\/\/www.kirchleitn.com\/it\/wp-json\/wp\/v2\/pages\/2601\/revisions"}],"predecessor-version":[{"id":4252,"href":"https:\/\/www.kirchleitn.com\/it\/wp-json\/wp\/v2\/pages\/2601\/revisions\/4252"}],"wp:featuredmedia":[{"embeddable":true,"href":"https:\/\/www.kirchleitn.com\/it\/wp-json\/wp\/v2\/media\/2602"}],"wp:attachment":[{"href":"https:\/\/www.kirchleitn.com\/it\/wp-json\/wp\/v2\/media?parent=2601"}],"curies":[{"name":"wp","href":"https:\/\/api.w.org\/{rel}","templated":true}]}}